{"id":2853,"date":"2025-01-30T11:49:06","date_gmt":"2025-01-30T16:49:06","guid":{"rendered":"https:\/\/emergem.ca\/?post_type=product&#038;p=2853"},"modified":"2025-01-30T13:50:43","modified_gmt":"2025-01-30T18:50:43","slug":"echantillon","status":"publish","type":"product","link":"https:\/\/emergem.ca\/en\/produit\/echantillon\/","title":{"rendered":"\u00c9chantillon d&#8217;une gemme emerGem\u2122"},"content":{"rendered":"[vc_row type=&#8221;full_width_background&#8221; full_screen_row_position=&#8221;middle&#8221; column_margin=&#8221;default&#8221; column_direction=&#8221;default&#8221; column_direction_tablet=&#8221;default&#8221; column_direction_phone=&#8221;default&#8221; bg_color=&#8221;#ffffff&#8221; scene_position=&#8221;center&#8221; left_padding_desktop=&#8221;6%&#8221; text_color=&#8221;dark&#8221; text_align=&#8221;left&#8221; row_border_radius=&#8221;none&#8221; row_border_radius_applies=&#8221;bg&#8221; overflow=&#8221;visible&#8221; overlay_strength=&#8221;0.3&#8243; gradient_direction=&#8221;left_to_right&#8221; shape_divider_position=&#8221;bottom&#8221; bg_image_animation=&#8221;none&#8221; shape_type=&#8221;&#8221; gradient_type=&#8221;default&#8221;][vc_column column_padding=&#8221;no-extra-padding&#8221; column_padding_tablet=&#8221;inherit&#8221; column_padding_phone=&#8221;inherit&#8221; column_padding_position=&#8221;all&#8221; column_element_direction_desktop=&#8221;default&#8221; column_element_spacing=&#8221;default&#8221; desktop_text_alignment=&#8221;default&#8221; tablet_text_alignment=&#8221;default&#8221; phone_text_alignment=&#8221;default&#8221; background_color_opacity=&#8221;1&#8243; background_hover_color_opacity=&#8221;1&#8243; column_backdrop_filter=&#8221;none&#8221; column_shadow=&#8221;none&#8221; column_border_radius=&#8221;none&#8221; column_link_target=&#8221;_self&#8221; column_position=&#8221;default&#8221; gradient_direction=&#8221;left_to_right&#8221; overlay_strength=&#8221;0.3&#8243; width=&#8221;1\/1&#8243; tablet_width_inherit=&#8221;default&#8221; animation_type=&#8221;default&#8221; bg_image_animation=&#8221;none&#8221; border_type=&#8221;simple&#8221; column_border_width=&#8221;none&#8221; column_border_style=&#8221;solid&#8221;][vc_row_inner equal_height=&#8221;yes&#8221; content_placement=&#8221;middle&#8221; column_margin=&#8221;90px&#8221; column_direction=&#8221;default&#8221; column_direction_tablet=&#8221;column_reverse&#8221; column_direction_phone=&#8221;column_reverse&#8221; text_align=&#8221;left&#8221; row_position=&#8221;default&#8221; row_position_tablet=&#8221;inherit&#8221; row_position_phone=&#8221;inherit&#8221; overflow=&#8221;visible&#8221; pointer_events=&#8221;all&#8221;][vc_column_inner column_padding=&#8221;no-extra-padding&#8221; column_padding_tablet=&#8221;inherit&#8221; column_padding_phone=&#8221;no-extra-padding&#8221; column_padding_position=&#8221;all&#8221; top_margin=&#8221;6%&#8221; top_margin_tablet=&#8221;0&#8243; top_margin_phone=&#8221;4%&#8221; column_element_direction_desktop=&#8221;default&#8221; column_element_spacing=&#8221;default&#8221; desktop_text_alignment=&#8221;default&#8221; tablet_text_alignment=&#8221;default&#8221; phone_text_alignment=&#8221;default&#8221; background_color_opacity=&#8221;1&#8243; background_hover_color_opacity=&#8221;1&#8243; column_backdrop_filter=&#8221;none&#8221; font_color=&#8221;#21154a&#8221; column_shadow=&#8221;none&#8221; column_border_radius=&#8221;none&#8221; column_link_target=&#8221;_self&#8221; overflow=&#8221;visible&#8221; gradient_direction=&#8221;radial&#8221; overlay_strength=&#8221;0.3&#8243; width=&#8221;1\/2&#8243; tablet_width_inherit=&#8221;default&#8221; animation_type=&#8221;default&#8221; bg_image_animation=&#8221;none&#8221; parallax_bg=&#8221;true&#8221; parallax_bg_speed=&#8221;very_subtle&#8221; border_type=&#8221;simple&#8221; column_border_width=&#8221;none&#8221; column_border_style=&#8221;solid&#8221; column_padding_type=&#8221;default&#8221; gradient_type=&#8221;default&#8221;][split_line_heading animation_type=&#8221;line-reveal-by-space&#8221; font_style=&#8221;h2&#8243; line_reveal_by_space_text_effect=&#8221;default&#8221; stagger_animation=&#8221;true&#8221; content_alignment=&#8221;default&#8221; mobile_content_alignment=&#8221;inherit&#8221; link_target=&#8221;_self&#8221; text_content=&#8221;Vous souhaitez une quantit\u00e9 de gemmes ou une dimension sp\u00e9cifique?&#8221; max_width=&#8221;550&#8243; text_direction=&#8221;default&#8221;][\/split_line_heading][vc_column_text css=&#8221;&#8221; max_width=&#8221;550&#8243; text_direction=&#8221;default&#8221;]Contactez-nous pour passer commande.[\/vc_column_text][nectar_cta btn_style=&#8221;underline&#8221; heading_tag=&#8221;span&#8221; button_color=&#8221;default&#8221; text_color=&#8221;#21154a&#8221; button_border_thickness=&#8221;0px&#8221; link_type=&#8221;regular&#8221; alignment=&#8221;left&#8221; alignment_tablet=&#8221;default&#8221; alignment_phone=&#8221;default&#8221; display=&#8221;block&#8221; display_tablet=&#8221;inherit&#8221; display_phone=&#8221;inherit&#8221; icon_family=&#8221;none&#8221; link_text=&#8221;Nous joindre&#8221; url=&#8221;\/contact&#8221;][\/vc_column_inner][vc_column_inner column_padding=&#8221;padding-4-percent&#8221; column_padding_tablet=&#8221;no-extra-padding&#8221; column_padding_phone=&#8221;no-extra-padding&#8221; column_padding_position=&#8221;all&#8221; column_element_direction_desktop=&#8221;default&#8221; column_element_spacing=&#8221;default&#8221; desktop_text_alignment=&#8221;default&#8221; tablet_text_alignment=&#8221;default&#8221; phone_text_alignment=&#8221;default&#8221; background_color_opacity=&#8221;1&#8243; background_hover_color_opacity=&#8221;1&#8243; column_backdrop_filter=&#8221;none&#8221; column_shadow=&#8221;none&#8221; column_border_radius=&#8221;none&#8221; column_link_target=&#8221;_self&#8221; overflow=&#8221;visible&#8221; gradient_direction=&#8221;left_to_right&#8221; overlay_strength=&#8221;0.3&#8243; width=&#8221;1\/2&#8243; tablet_width_inherit=&#8221;default&#8221; animation_type=&#8221;default&#8221; bg_image_animation=&#8221;none&#8221; border_type=&#8221;simple&#8221; column_border_width=&#8221;none&#8221; column_border_style=&#8221;solid&#8221;][nectar_cascading_images image_1_bg_color=&#8221;#d8d7ee&#8221; image_1_offset_x_sign=&#8221;+&#8221; image_1_offset_x=&#8221;0%&#8221; image_1_offset_y_sign=&#8221;+&#8221; image_1_offset_y=&#8221;20%&#8221; image_1_rotate_sign=&#8221;+&#8221; image_1_rotate=&#8221;none&#8221; image_1_scale=&#8221;1&#8243; image_1_padding=&#8221;none&#8221; image_1_box_shadow=&#8221;none&#8221; image_1_max_width_desktop=&#8221;100%&#8221; image_1_max_width_mobile=&#8221;100%&#8221; image_1_image_width_mobile=&#8221;default&#8221; image_2_url=&#8221;3054&#8243; image_2_offset_x_sign=&#8221;+&#8221; image_2_offset_x=&#8221;0%&#8221; image_2_offset_y_sign=&#8221;+&#8221; image_2_offset_y=&#8221;10%&#8221; image_2_rotate_sign=&#8221;+&#8221; image_2_rotate=&#8221;none&#8221; image_2_scale=&#8221;1&#8243; image_2_padding=&#8221;none&#8221; image_2_box_shadow=&#8221;none&#8221; image_2_max_width_desktop=&#8221;100%&#8221; image_2_max_width_mobile=&#8221;100%&#8221; image_2_image_width_mobile=&#8221;default&#8221; image_3_offset_x_sign=&#8221;+&#8221; image_3_offset_x=&#8221;0%&#8221; image_3_offset_y_sign=&#8221;+&#8221; image_3_offset_y=&#8221;0%&#8221; image_3_rotate_sign=&#8221;+&#8221; image_3_rotate=&#8221;none&#8221; image_3_scale=&#8221;1&#8243; image_3_padding=&#8221;auto&#8221; image_3_box_shadow=&#8221;none&#8221; image_3_max_width_desktop=&#8221;100%&#8221; image_3_max_width_mobile=&#8221;100%&#8221; image_3_image_width_mobile=&#8221;default&#8221; image_4_offset_x_sign=&#8221;+&#8221; image_4_offset_x=&#8221;0%&#8221; image_4_offset_y_sign=&#8221;+&#8221; image_4_offset_y=&#8221;0%&#8221; image_4_rotate_sign=&#8221;+&#8221; image_4_rotate=&#8221;none&#8221; image_4_scale=&#8221;1&#8243; image_4_padding=&#8221;auto&#8221; image_4_box_shadow=&#8221;none&#8221; image_4_max_width_desktop=&#8221;100%&#8221; image_4_max_width_mobile=&#8221;100%&#8221; image_4_image_width_mobile=&#8221;default&#8221; element_sizing=&#8221;forced&#8221; element_sizing_aspect=&#8221;1-1&#8243; image_loading=&#8221;default&#8221; border_radius=&#8221;none&#8221; parallax_scrolling=&#8221;yes&#8221; layer_1_parallax_scrolling=&#8221;no&#8221; parallax_scrolling_intensity=&#8221;subtle&#8221; overflow=&#8221;hidden&#8221;][\/vc_column_inner][\/vc_row_inner][\/vc_column][\/vc_row]\n","protected":false},"excerpt":{"rendered":"<h4 style=\"text-align: center;\">\u00ab La couleur et le motif sont tout simplement INCROYABLES ! \u00bb<\/h4>\n<p style=\"text-align: right;\"><strong>&#8211; Une cliente satisfaite<\/strong><\/p>\n<h5 style=\"padding-bottom: 8px;\">Une gemme d\u2019exception, issue de la transformation de coquilles de mollusques de l\u2019Atlantique recycl\u00e9es, alliant \u00e9clat naturel et durabilit\u00e9.<\/h5>\n<p style=\"font-size: 20px; padding-bottom: 24px;\">Procurez-vous un <strong>cabochon de 10 mm de diam\u00e8tre<\/strong> de cette pierre exceptionnelle pour donner vie \u00e0 votre prochaine cr\u00e9ation.<\/p>\n<ul style=\"padding-bottom: 40px;\">\n<li>Une beaut\u00e9 naturelle, riche de texture et d\u2019histoire.<\/li>\n<li>Une alternative locale et durable aux perles et pierres traditionnelles.<\/li>\n<li>Un mat\u00e9riau innovant et respectueux de l\u2019environnement.<\/li>\n<\/ul>\n","protected":false},"featured_media":3047,"template":"","meta":[],"product_brand":[],"product_cat":[15,53],"product_tag":[],"class_list":{"0":"post-2853","1":"product","2":"type-product","3":"status-publish","4":"has-post-thumbnail","6":"product_cat-autres","7":"product_cat-gemmes","9":"first","10":"instock","11":"taxable","12":"shipping-taxable","13":"purchasable","14":"product-type-simple"},"yoast_head":"<!-- This site is optimized with the Yoast SEO plugin v27.3 - https:\/\/yoast.com\/product\/yoast-seo-wordpress\/ -->\n<title>\u00c9chantillon d&#039;une gemme emerGem\u2122 | emerGem&trade;<\/title>\n<meta name=\"robots\" content=\"index, follow, max-snippet:-1, max-image-preview:large, max-video-preview:-1\" \/>\n<link rel=\"canonical\" href=\"https:\/\/emergem.ca\/produit\/echantillon\/\" \/>\n<meta property=\"og:locale\" content=\"en_US\" \/>\n<meta property=\"og:type\" content=\"article\" \/>\n<meta property=\"og:title\" content=\"\u00c9chantillon d&#039;une gemme emerGem\u2122 | emerGem&trade;\" \/>\n<meta property=\"og:description\" content=\"\u00ab La couleur et le motif sont tout simplement INCROYABLES ! \u00bb - Une cliente satisfaite  Une gemme d\u2019exception, issue de la transformation de coquilles de mollusques de l\u2019Atlantique recycl\u00e9es, alliant \u00e9clat naturel et durabilit\u00e9. Procurez-vous un cabochon de 10 mm de diam\u00e8tre de cette pierre exceptionnelle pour donner vie \u00e0 votre prochaine cr\u00e9ation.    Une beaut\u00e9 naturelle, riche de texture et d\u2019histoire.  Une alternative locale et durable aux perles et pierres traditionnelles.  Un mat\u00e9riau innovant et respectueux de l\u2019environnement.\" \/>\n<meta property=\"og:url\" content=\"https:\/\/emergem.ca\/produit\/echantillon\/\" \/>\n<meta property=\"og:site_name\" content=\"emerGem&trade;\" \/>\n<meta property=\"article:publisher\" content=\"https:\/\/www.facebook.com\/emergem.gaspesie\" \/>\n<meta property=\"article:modified_time\" content=\"2025-01-30T18:50:43+00:00\" \/>\n<meta property=\"og:image\" content=\"https:\/\/emergem.ca\/wp-content\/uploads\/2025\/01\/IMG_3500-2.jpg\" \/>\n\t<meta property=\"og:image:width\" content=\"1000\" \/>\n\t<meta property=\"og:image:height\" content=\"1000\" \/>\n\t<meta property=\"og:image:type\" content=\"image\/jpeg\" \/>\n<meta name=\"twitter:card\" content=\"summary_large_image\" \/>\n<meta name=\"twitter:label1\" content=\"Est. reading time\" \/>\n\t<meta name=\"twitter:data1\" content=\"4 minutes\" \/>\n<script type=\"application\/ld+json\" class=\"yoast-schema-graph\">{\"@context\":\"https:\\\/\\\/schema.org\",\"@graph\":[{\"@type\":\"WebPage\",\"@id\":\"https:\\\/\\\/emergem.ca\\\/produit\\\/echantillon\\\/\",\"url\":\"https:\\\/\\\/emergem.ca\\\/produit\\\/echantillon\\\/\",\"name\":\"\u00c9chantillon d'une gemme emerGem\u2122 | emerGem&trade;\",\"isPartOf\":{\"@id\":\"https:\\\/\\\/emergem.ca\\\/#website\"},\"primaryImageOfPage\":{\"@id\":\"https:\\\/\\\/emergem.ca\\\/produit\\\/echantillon\\\/#primaryimage\"},\"image\":{\"@id\":\"https:\\\/\\\/emergem.ca\\\/produit\\\/echantillon\\\/#primaryimage\"},\"thumbnailUrl\":\"https:\\\/\\\/emergem.ca\\\/wp-content\\\/uploads\\\/2025\\\/01\\\/IMG_3500-2.jpg\",\"datePublished\":\"2025-01-30T16:49:06+00:00\",\"dateModified\":\"2025-01-30T18:50:43+00:00\",\"breadcrumb\":{\"@id\":\"https:\\\/\\\/emergem.ca\\\/produit\\\/echantillon\\\/#breadcrumb\"},\"inLanguage\":\"en-US\",\"potentialAction\":[{\"@type\":\"ReadAction\",\"target\":[\"https:\\\/\\\/emergem.ca\\\/produit\\\/echantillon\\\/\"]}]},{\"@type\":\"ImageObject\",\"inLanguage\":\"en-US\",\"@id\":\"https:\\\/\\\/emergem.ca\\\/produit\\\/echantillon\\\/#primaryimage\",\"url\":\"https:\\\/\\\/emergem.ca\\\/wp-content\\\/uploads\\\/2025\\\/01\\\/IMG_3500-2.jpg\",\"contentUrl\":\"https:\\\/\\\/emergem.ca\\\/wp-content\\\/uploads\\\/2025\\\/01\\\/IMG_3500-2.jpg\",\"width\":1000,\"height\":1000},{\"@type\":\"BreadcrumbList\",\"@id\":\"https:\\\/\\\/emergem.ca\\\/produit\\\/echantillon\\\/#breadcrumb\",\"itemListElement\":[{\"@type\":\"ListItem\",\"position\":1,\"name\":\"Accueil\",\"item\":\"https:\\\/\\\/emergem.ca\\\/\"},{\"@type\":\"ListItem\",\"position\":2,\"name\":\"Shop\",\"item\":\"https:\\\/\\\/emergem.ca\\\/boutique\\\/\"},{\"@type\":\"ListItem\",\"position\":3,\"name\":\"\u00c9chantillon d&#8217;une gemme emerGem\u2122\"}]},{\"@type\":\"WebSite\",\"@id\":\"https:\\\/\\\/emergem.ca\\\/#website\",\"url\":\"https:\\\/\\\/emergem.ca\\\/\",\"name\":\"emerGem\u2122\",\"description\":\"Joyaux de l&rsquo;Atlantique\",\"publisher\":{\"@id\":\"https:\\\/\\\/emergem.ca\\\/#organization\"},\"potentialAction\":[{\"@type\":\"SearchAction\",\"target\":{\"@type\":\"EntryPoint\",\"urlTemplate\":\"https:\\\/\\\/emergem.ca\\\/?s={search_term_string}\"},\"query-input\":{\"@type\":\"PropertyValueSpecification\",\"valueRequired\":true,\"valueName\":\"search_term_string\"}}],\"inLanguage\":\"en-US\"},{\"@type\":\"Organization\",\"@id\":\"https:\\\/\\\/emergem.ca\\\/#organization\",\"name\":\"emerGem\",\"url\":\"https:\\\/\\\/emergem.ca\\\/\",\"logo\":{\"@type\":\"ImageObject\",\"inLanguage\":\"en-US\",\"@id\":\"https:\\\/\\\/emergem.ca\\\/#\\\/schema\\\/logo\\\/image\\\/\",\"url\":\"http:\\\/\\\/emergem.ca\\\/wp-content\\\/uploads\\\/2024\\\/11\\\/logo-emergem-original-inverse.png\",\"contentUrl\":\"http:\\\/\\\/emergem.ca\\\/wp-content\\\/uploads\\\/2024\\\/11\\\/logo-emergem-original-inverse.png\",\"width\":1131,\"height\":400,\"caption\":\"emerGem\"},\"image\":{\"@id\":\"https:\\\/\\\/emergem.ca\\\/#\\\/schema\\\/logo\\\/image\\\/\"},\"sameAs\":[\"https:\\\/\\\/www.facebook.com\\\/emergem.gaspesie\",\"https:\\\/\\\/www.instagram.com\\\/emergem.gaspesie\",\"https:\\\/\\\/www.linkedin.com\\\/company\\\/caco3-biotech\\\/\"]}]}<\/script>\n<!-- \/ Yoast SEO plugin. -->","yoast_head_json":{"title":"\u00c9chantillon d'une gemme emerGem\u2122 | emerGem&trade;","robots":{"index":"index","follow":"follow","max-snippet":"max-snippet:-1","max-image-preview":"max-image-preview:large","max-video-preview":"max-video-preview:-1"},"canonical":"https:\/\/emergem.ca\/produit\/echantillon\/","og_locale":"en_US","og_type":"article","og_title":"\u00c9chantillon d'une gemme emerGem\u2122 | emerGem&trade;","og_description":"\u00ab La couleur et le motif sont tout simplement INCROYABLES ! \u00bb - Une cliente satisfaite  Une gemme d\u2019exception, issue de la transformation de coquilles de mollusques de l\u2019Atlantique recycl\u00e9es, alliant \u00e9clat naturel et durabilit\u00e9. Procurez-vous un cabochon de 10 mm de diam\u00e8tre de cette pierre exceptionnelle pour donner vie \u00e0 votre prochaine cr\u00e9ation.    Une beaut\u00e9 naturelle, riche de texture et d\u2019histoire.  Une alternative locale et durable aux perles et pierres traditionnelles.  Un mat\u00e9riau innovant et respectueux de l\u2019environnement.","og_url":"https:\/\/emergem.ca\/produit\/echantillon\/","og_site_name":"emerGem&trade;","article_publisher":"https:\/\/www.facebook.com\/emergem.gaspesie","article_modified_time":"2025-01-30T18:50:43+00:00","og_image":[{"width":1000,"height":1000,"url":"https:\/\/emergem.ca\/wp-content\/uploads\/2025\/01\/IMG_3500-2.jpg","type":"image\/jpeg"}],"twitter_card":"summary_large_image","twitter_misc":{"Est. reading time":"4 minutes"},"schema":{"@context":"https:\/\/schema.org","@graph":[{"@type":"WebPage","@id":"https:\/\/emergem.ca\/produit\/echantillon\/","url":"https:\/\/emergem.ca\/produit\/echantillon\/","name":"\u00c9chantillon d'une gemme emerGem\u2122 | emerGem&trade;","isPartOf":{"@id":"https:\/\/emergem.ca\/#website"},"primaryImageOfPage":{"@id":"https:\/\/emergem.ca\/produit\/echantillon\/#primaryimage"},"image":{"@id":"https:\/\/emergem.ca\/produit\/echantillon\/#primaryimage"},"thumbnailUrl":"https:\/\/emergem.ca\/wp-content\/uploads\/2025\/01\/IMG_3500-2.jpg","datePublished":"2025-01-30T16:49:06+00:00","dateModified":"2025-01-30T18:50:43+00:00","breadcrumb":{"@id":"https:\/\/emergem.ca\/produit\/echantillon\/#breadcrumb"},"inLanguage":"en-US","potentialAction":[{"@type":"ReadAction","target":["https:\/\/emergem.ca\/produit\/echantillon\/"]}]},{"@type":"ImageObject","inLanguage":"en-US","@id":"https:\/\/emergem.ca\/produit\/echantillon\/#primaryimage","url":"https:\/\/emergem.ca\/wp-content\/uploads\/2025\/01\/IMG_3500-2.jpg","contentUrl":"https:\/\/emergem.ca\/wp-content\/uploads\/2025\/01\/IMG_3500-2.jpg","width":1000,"height":1000},{"@type":"BreadcrumbList","@id":"https:\/\/emergem.ca\/produit\/echantillon\/#breadcrumb","itemListElement":[{"@type":"ListItem","position":1,"name":"Accueil","item":"https:\/\/emergem.ca\/"},{"@type":"ListItem","position":2,"name":"Shop","item":"https:\/\/emergem.ca\/boutique\/"},{"@type":"ListItem","position":3,"name":"\u00c9chantillon d&#8217;une gemme emerGem\u2122"}]},{"@type":"WebSite","@id":"https:\/\/emergem.ca\/#website","url":"https:\/\/emergem.ca\/","name":"emerGem\u2122","description":"Joyaux de l&rsquo;Atlantique","publisher":{"@id":"https:\/\/emergem.ca\/#organization"},"potentialAction":[{"@type":"SearchAction","target":{"@type":"EntryPoint","urlTemplate":"https:\/\/emergem.ca\/?s={search_term_string}"},"query-input":{"@type":"PropertyValueSpecification","valueRequired":true,"valueName":"search_term_string"}}],"inLanguage":"en-US"},{"@type":"Organization","@id":"https:\/\/emergem.ca\/#organization","name":"emerGem","url":"https:\/\/emergem.ca\/","logo":{"@type":"ImageObject","inLanguage":"en-US","@id":"https:\/\/emergem.ca\/#\/schema\/logo\/image\/","url":"http:\/\/emergem.ca\/wp-content\/uploads\/2024\/11\/logo-emergem-original-inverse.png","contentUrl":"http:\/\/emergem.ca\/wp-content\/uploads\/2024\/11\/logo-emergem-original-inverse.png","width":1131,"height":400,"caption":"emerGem"},"image":{"@id":"https:\/\/emergem.ca\/#\/schema\/logo\/image\/"},"sameAs":["https:\/\/www.facebook.com\/emergem.gaspesie","https:\/\/www.instagram.com\/emergem.gaspesie","https:\/\/www.linkedin.com\/company\/caco3-biotech\/"]}]}},"_links":{"self":[{"href":"https:\/\/emergem.ca\/en\/wp-json\/wp\/v2\/product\/2853","targetHints":{"allow":["GET"]}}],"collection":[{"href":"https:\/\/emergem.ca\/en\/wp-json\/wp\/v2\/product"}],"about":[{"href":"https:\/\/emergem.ca\/en\/wp-json\/wp\/v2\/types\/product"}],"wp:featuredmedia":[{"embeddable":true,"href":"https:\/\/emergem.ca\/en\/wp-json\/wp\/v2\/media\/3047"}],"wp:attachment":[{"href":"https:\/\/emergem.ca\/en\/wp-json\/wp\/v2\/media?parent=2853"}],"wp:term":[{"taxonomy":"product_brand","embeddable":true,"href":"https:\/\/emergem.ca\/en\/wp-json\/wp\/v2\/product_brand?post=2853"},{"taxonomy":"product_cat","embeddable":true,"href":"https:\/\/emergem.ca\/en\/wp-json\/wp\/v2\/product_cat?post=2853"},{"taxonomy":"product_tag","embeddable":true,"href":"https:\/\/emergem.ca\/en\/wp-json\/wp\/v2\/product_tag?post=2853"}],"curies":[{"name":"wp","href":"https:\/\/api.w.org\/{rel}","templated":true}]}}