{"id":2725,"date":"2025-01-21T10:12:29","date_gmt":"2025-01-21T15:12:29","guid":{"rendered":"https:\/\/emergem.ca\/?post_type=product&#038;p=2725"},"modified":"2025-03-15T15:21:02","modified_gmt":"2025-03-15T19:21:02","slug":"coquillages-scelles","status":"publish","type":"product","link":"https:\/\/emergem.ca\/en\/produit\/coquillages-scelles\/","title":{"rendered":"Coquillage scell\u00e9 emerGem\u2122"},"content":{"rendered":"","protected":false},"excerpt":{"rendered":"<p><span style=\"color: #f0c850;\">\u2605\u2605\u2605\u2605\u2605<\/span>\u00a0 200+ clients combl\u00e9s<\/p>\n<p>Offrez un cadeau inoubliable!<\/p>\n<p><span style=\"font-size: 18pt; line-height: 1.4;\"><strong>UN BIJOU SURPRISE<\/strong> orn\u00e9 d\u2019une gemme fa\u00e7onn\u00e9e \u00e0 la main \u00e0 partir de coquillages de l\u2019Atlantique, confectionn\u00e9 avec soin par nos artisans qu\u00e9b\u00e9cois.<\/span><\/p>\n<p>Bijoux en argent sterling 925, rehauss\u00e9s d&#8217;un plaquage de qualit\u00e9 sup\u00e9rieure en <strong>argent, or 14k ou cuivre<\/strong>.<\/p>\n<ul>\n<li style=\"padding-bottom: 16px;\"><strong>Seulement 99 $<\/strong> pour un bijou d\u2019une valeur de 119,99 $ \u00e0 209,99 $<\/li>\n<li style=\"padding-bottom: 16px;\"><strong>D\u00e9j\u00e0 emball\u00e9<\/strong> et pr\u00eat \u00e0 offrir<\/li>\n<li style=\"padding-bottom: 16px;\"><strong>Livraison gratuite<\/strong> en moins de 3 jours ouvrables<\/li>\n<li style=\"padding-bottom: 40px;\"><strong>Vari\u00e9t\u00e9s offertes<\/strong> : S\u00e9lection de colliers, bracelets ou boucles d&#8217;oreilles<\/li>\n<\/ul>\n","protected":false},"featured_media":2742,"template":"","meta":[],"product_brand":[],"product_cat":[45],"product_tag":[],"class_list":{"0":"post-2725","1":"product","2":"type-product","3":"status-publish","4":"has-post-thumbnail","6":"product_cat-bijoux","8":"first","9":"outofstock","10":"sale","11":"featured","12":"taxable","13":"shipping-taxable","14":"purchasable","15":"product-type-simple"},"yoast_head":"<!-- This site is optimized with the Yoast SEO plugin v27.3 - https:\/\/yoast.com\/product\/yoast-seo-wordpress\/ -->\n<title>Coquillage scell\u00e9 emerGem\u2122 | emerGem&trade;<\/title>\n<meta name=\"robots\" content=\"index, follow, max-snippet:-1, max-image-preview:large, max-video-preview:-1\" \/>\n<link rel=\"canonical\" href=\"https:\/\/emergem.ca\/produit\/coquillages-scelles\/\" \/>\n<meta property=\"og:locale\" content=\"en_US\" \/>\n<meta property=\"og:type\" content=\"article\" \/>\n<meta property=\"og:title\" content=\"Coquillage scell\u00e9 emerGem\u2122 | emerGem&trade;\" \/>\n<meta property=\"og:description\" content=\"\u2605\u2605\u2605\u2605\u2605\u00a0 200+ clients combl\u00e9s  Offrez un cadeau inoubliable!  UN BIJOU SURPRISE orn\u00e9 d\u2019une gemme fa\u00e7onn\u00e9e \u00e0 la main \u00e0 partir de coquillages de l\u2019Atlantique, confectionn\u00e9 avec soin par nos artisans qu\u00e9b\u00e9cois.  Bijoux en argent sterling 925, rehauss\u00e9s d&#039;un plaquage de qualit\u00e9 sup\u00e9rieure en argent, or 14k ou cuivre.   Seulement 99 $ pour un bijou d\u2019une valeur de 119,99 $ \u00e0 209,99 $  D\u00e9j\u00e0 emball\u00e9 et pr\u00eat \u00e0 offrir  Livraison gratuite en moins de 3 jours ouvrables  Vari\u00e9t\u00e9s offertes : S\u00e9lection de colliers, bracelets ou boucles d&#039;oreilles\" \/>\n<meta property=\"og:url\" content=\"https:\/\/emergem.ca\/produit\/coquillages-scelles\/\" \/>\n<meta property=\"og:site_name\" content=\"emerGem&trade;\" \/>\n<meta property=\"article:publisher\" content=\"https:\/\/www.facebook.com\/emergem.gaspesie\" \/>\n<meta property=\"article:modified_time\" content=\"2025-03-15T19:21:02+00:00\" \/>\n<meta property=\"og:image\" content=\"https:\/\/emergem.ca\/wp-content\/uploads\/2025\/01\/IMG_3685-1-scaled.jpg\" \/>\n\t<meta property=\"og:image:width\" content=\"2560\" \/>\n\t<meta property=\"og:image:height\" content=\"2560\" \/>\n\t<meta property=\"og:image:type\" content=\"image\/jpeg\" \/>\n<meta name=\"twitter:card\" content=\"summary_large_image\" \/>\n<script type=\"application\/ld+json\" class=\"yoast-schema-graph\">{\"@context\":\"https:\\\/\\\/schema.org\",\"@graph\":[{\"@type\":\"WebPage\",\"@id\":\"https:\\\/\\\/emergem.ca\\\/produit\\\/coquillages-scelles\\\/\",\"url\":\"https:\\\/\\\/emergem.ca\\\/produit\\\/coquillages-scelles\\\/\",\"name\":\"Coquillage scell\u00e9 emerGem\u2122 | emerGem&trade;\",\"isPartOf\":{\"@id\":\"https:\\\/\\\/emergem.ca\\\/#website\"},\"primaryImageOfPage\":{\"@id\":\"https:\\\/\\\/emergem.ca\\\/produit\\\/coquillages-scelles\\\/#primaryimage\"},\"image\":{\"@id\":\"https:\\\/\\\/emergem.ca\\\/produit\\\/coquillages-scelles\\\/#primaryimage\"},\"thumbnailUrl\":\"https:\\\/\\\/emergem.ca\\\/wp-content\\\/uploads\\\/2025\\\/01\\\/IMG_3685-1-scaled.jpg\",\"datePublished\":\"2025-01-21T15:12:29+00:00\",\"dateModified\":\"2025-03-15T19:21:02+00:00\",\"breadcrumb\":{\"@id\":\"https:\\\/\\\/emergem.ca\\\/produit\\\/coquillages-scelles\\\/#breadcrumb\"},\"inLanguage\":\"en-US\",\"potentialAction\":[{\"@type\":\"ReadAction\",\"target\":[\"https:\\\/\\\/emergem.ca\\\/produit\\\/coquillages-scelles\\\/\"]}]},{\"@type\":\"ImageObject\",\"inLanguage\":\"en-US\",\"@id\":\"https:\\\/\\\/emergem.ca\\\/produit\\\/coquillages-scelles\\\/#primaryimage\",\"url\":\"https:\\\/\\\/emergem.ca\\\/wp-content\\\/uploads\\\/2025\\\/01\\\/IMG_3685-1-scaled.jpg\",\"contentUrl\":\"https:\\\/\\\/emergem.ca\\\/wp-content\\\/uploads\\\/2025\\\/01\\\/IMG_3685-1-scaled.jpg\",\"width\":2560,\"height\":2560},{\"@type\":\"BreadcrumbList\",\"@id\":\"https:\\\/\\\/emergem.ca\\\/produit\\\/coquillages-scelles\\\/#breadcrumb\",\"itemListElement\":[{\"@type\":\"ListItem\",\"position\":1,\"name\":\"Accueil\",\"item\":\"https:\\\/\\\/emergem.ca\\\/\"},{\"@type\":\"ListItem\",\"position\":2,\"name\":\"Shop\",\"item\":\"https:\\\/\\\/emergem.ca\\\/boutique\\\/\"},{\"@type\":\"ListItem\",\"position\":3,\"name\":\"Coquillage scell\u00e9 emerGem\u2122\"}]},{\"@type\":\"WebSite\",\"@id\":\"https:\\\/\\\/emergem.ca\\\/#website\",\"url\":\"https:\\\/\\\/emergem.ca\\\/\",\"name\":\"emerGem\u2122\",\"description\":\"Joyaux de l&rsquo;Atlantique\",\"publisher\":{\"@id\":\"https:\\\/\\\/emergem.ca\\\/#organization\"},\"potentialAction\":[{\"@type\":\"SearchAction\",\"target\":{\"@type\":\"EntryPoint\",\"urlTemplate\":\"https:\\\/\\\/emergem.ca\\\/?s={search_term_string}\"},\"query-input\":{\"@type\":\"PropertyValueSpecification\",\"valueRequired\":true,\"valueName\":\"search_term_string\"}}],\"inLanguage\":\"en-US\"},{\"@type\":\"Organization\",\"@id\":\"https:\\\/\\\/emergem.ca\\\/#organization\",\"name\":\"emerGem\",\"url\":\"https:\\\/\\\/emergem.ca\\\/\",\"logo\":{\"@type\":\"ImageObject\",\"inLanguage\":\"en-US\",\"@id\":\"https:\\\/\\\/emergem.ca\\\/#\\\/schema\\\/logo\\\/image\\\/\",\"url\":\"http:\\\/\\\/emergem.ca\\\/wp-content\\\/uploads\\\/2024\\\/11\\\/logo-emergem-original-inverse.png\",\"contentUrl\":\"http:\\\/\\\/emergem.ca\\\/wp-content\\\/uploads\\\/2024\\\/11\\\/logo-emergem-original-inverse.png\",\"width\":1131,\"height\":400,\"caption\":\"emerGem\"},\"image\":{\"@id\":\"https:\\\/\\\/emergem.ca\\\/#\\\/schema\\\/logo\\\/image\\\/\"},\"sameAs\":[\"https:\\\/\\\/www.facebook.com\\\/emergem.gaspesie\",\"https:\\\/\\\/www.instagram.com\\\/emergem.gaspesie\",\"https:\\\/\\\/www.linkedin.com\\\/company\\\/caco3-biotech\\\/\"]}]}<\/script>\n<!-- \/ Yoast SEO plugin. -->","yoast_head_json":{"title":"Coquillage scell\u00e9 emerGem\u2122 | emerGem&trade;","robots":{"index":"index","follow":"follow","max-snippet":"max-snippet:-1","max-image-preview":"max-image-preview:large","max-video-preview":"max-video-preview:-1"},"canonical":"https:\/\/emergem.ca\/produit\/coquillages-scelles\/","og_locale":"en_US","og_type":"article","og_title":"Coquillage scell\u00e9 emerGem\u2122 | emerGem&trade;","og_description":"\u2605\u2605\u2605\u2605\u2605\u00a0 200+ clients combl\u00e9s  Offrez un cadeau inoubliable!  UN BIJOU SURPRISE orn\u00e9 d\u2019une gemme fa\u00e7onn\u00e9e \u00e0 la main \u00e0 partir de coquillages de l\u2019Atlantique, confectionn\u00e9 avec soin par nos artisans qu\u00e9b\u00e9cois.  Bijoux en argent sterling 925, rehauss\u00e9s d'un plaquage de qualit\u00e9 sup\u00e9rieure en argent, or 14k ou cuivre.   Seulement 99 $ pour un bijou d\u2019une valeur de 119,99 $ \u00e0 209,99 $  D\u00e9j\u00e0 emball\u00e9 et pr\u00eat \u00e0 offrir  Livraison gratuite en moins de 3 jours ouvrables  Vari\u00e9t\u00e9s offertes : S\u00e9lection de colliers, bracelets ou boucles d'oreilles","og_url":"https:\/\/emergem.ca\/produit\/coquillages-scelles\/","og_site_name":"emerGem&trade;","article_publisher":"https:\/\/www.facebook.com\/emergem.gaspesie","article_modified_time":"2025-03-15T19:21:02+00:00","og_image":[{"width":2560,"height":2560,"url":"https:\/\/emergem.ca\/wp-content\/uploads\/2025\/01\/IMG_3685-1-scaled.jpg","type":"image\/jpeg"}],"twitter_card":"summary_large_image","schema":{"@context":"https:\/\/schema.org","@graph":[{"@type":"WebPage","@id":"https:\/\/emergem.ca\/produit\/coquillages-scelles\/","url":"https:\/\/emergem.ca\/produit\/coquillages-scelles\/","name":"Coquillage scell\u00e9 emerGem\u2122 | emerGem&trade;","isPartOf":{"@id":"https:\/\/emergem.ca\/#website"},"primaryImageOfPage":{"@id":"https:\/\/emergem.ca\/produit\/coquillages-scelles\/#primaryimage"},"image":{"@id":"https:\/\/emergem.ca\/produit\/coquillages-scelles\/#primaryimage"},"thumbnailUrl":"https:\/\/emergem.ca\/wp-content\/uploads\/2025\/01\/IMG_3685-1-scaled.jpg","datePublished":"2025-01-21T15:12:29+00:00","dateModified":"2025-03-15T19:21:02+00:00","breadcrumb":{"@id":"https:\/\/emergem.ca\/produit\/coquillages-scelles\/#breadcrumb"},"inLanguage":"en-US","potentialAction":[{"@type":"ReadAction","target":["https:\/\/emergem.ca\/produit\/coquillages-scelles\/"]}]},{"@type":"ImageObject","inLanguage":"en-US","@id":"https:\/\/emergem.ca\/produit\/coquillages-scelles\/#primaryimage","url":"https:\/\/emergem.ca\/wp-content\/uploads\/2025\/01\/IMG_3685-1-scaled.jpg","contentUrl":"https:\/\/emergem.ca\/wp-content\/uploads\/2025\/01\/IMG_3685-1-scaled.jpg","width":2560,"height":2560},{"@type":"BreadcrumbList","@id":"https:\/\/emergem.ca\/produit\/coquillages-scelles\/#breadcrumb","itemListElement":[{"@type":"ListItem","position":1,"name":"Accueil","item":"https:\/\/emergem.ca\/"},{"@type":"ListItem","position":2,"name":"Shop","item":"https:\/\/emergem.ca\/boutique\/"},{"@type":"ListItem","position":3,"name":"Coquillage scell\u00e9 emerGem\u2122"}]},{"@type":"WebSite","@id":"https:\/\/emergem.ca\/#website","url":"https:\/\/emergem.ca\/","name":"emerGem\u2122","description":"Joyaux de l&rsquo;Atlantique","publisher":{"@id":"https:\/\/emergem.ca\/#organization"},"potentialAction":[{"@type":"SearchAction","target":{"@type":"EntryPoint","urlTemplate":"https:\/\/emergem.ca\/?s={search_term_string}"},"query-input":{"@type":"PropertyValueSpecification","valueRequired":true,"valueName":"search_term_string"}}],"inLanguage":"en-US"},{"@type":"Organization","@id":"https:\/\/emergem.ca\/#organization","name":"emerGem","url":"https:\/\/emergem.ca\/","logo":{"@type":"ImageObject","inLanguage":"en-US","@id":"https:\/\/emergem.ca\/#\/schema\/logo\/image\/","url":"http:\/\/emergem.ca\/wp-content\/uploads\/2024\/11\/logo-emergem-original-inverse.png","contentUrl":"http:\/\/emergem.ca\/wp-content\/uploads\/2024\/11\/logo-emergem-original-inverse.png","width":1131,"height":400,"caption":"emerGem"},"image":{"@id":"https:\/\/emergem.ca\/#\/schema\/logo\/image\/"},"sameAs":["https:\/\/www.facebook.com\/emergem.gaspesie","https:\/\/www.instagram.com\/emergem.gaspesie","https:\/\/www.linkedin.com\/company\/caco3-biotech\/"]}]}},"_links":{"self":[{"href":"https:\/\/emergem.ca\/en\/wp-json\/wp\/v2\/product\/2725","targetHints":{"allow":["GET"]}}],"collection":[{"href":"https:\/\/emergem.ca\/en\/wp-json\/wp\/v2\/product"}],"about":[{"href":"https:\/\/emergem.ca\/en\/wp-json\/wp\/v2\/types\/product"}],"wp:featuredmedia":[{"embeddable":true,"href":"https:\/\/emergem.ca\/en\/wp-json\/wp\/v2\/media\/2742"}],"wp:attachment":[{"href":"https:\/\/emergem.ca\/en\/wp-json\/wp\/v2\/media?parent=2725"}],"wp:term":[{"taxonomy":"product_brand","embeddable":true,"href":"https:\/\/emergem.ca\/en\/wp-json\/wp\/v2\/product_brand?post=2725"},{"taxonomy":"product_cat","embeddable":true,"href":"https:\/\/emergem.ca\/en\/wp-json\/wp\/v2\/product_cat?post=2725"},{"taxonomy":"product_tag","embeddable":true,"href":"https:\/\/emergem.ca\/en\/wp-json\/wp\/v2\/product_tag?post=2725"}],"curies":[{"name":"wp","href":"https:\/\/api.w.org\/{rel}","templated":true}]}}