{"id":2303,"date":"2024-11-29T05:45:34","date_gmt":"2024-11-29T05:45:34","guid":{"rendered":"https:\/\/emergem.ca\/?post_type=product&#038;p=2303"},"modified":"2024-12-09T16:49:46","modified_gmt":"2024-12-09T16:49:46","slug":"certificat-cadeau-2-0","status":"publish","type":"product","link":"https:\/\/emergem.ca\/en\/produit\/certificat-cadeau-2-0\/","title":{"rendered":"Certificat-cadeau"},"content":{"rendered":"","protected":false},"excerpt":{"rendered":"<p>Offrez un cadeau inoubliable avec notre certificat-cadeau! Une attention parfaite pour c\u00e9l\u00e9brer la beaut\u00e9 et l\u2019\u00e9l\u00e9gance, tout en laissant le choix \u00e0 la personne qui le re\u00e7oit.<\/p>\n<p><em>* Valide sur tous les produits disponibles dans la boutique en ligne de emergem.ca.<\/em><\/p>\n","protected":false},"featured_media":2282,"template":"","meta":[],"product_brand":[],"product_cat":[39],"product_tag":[],"class_list":{"0":"post-2303","1":"product","2":"type-product","3":"status-publish","4":"has-post-thumbnail","6":"product_cat-certificats-cadeaux","8":"first","9":"instock","10":"purchasable","11":"product-type-variable"},"yoast_head":"<!-- This site is optimized with the Yoast SEO plugin v27.3 - https:\/\/yoast.com\/product\/yoast-seo-wordpress\/ -->\n<title>Certificat-cadeau | emerGem&trade;<\/title>\n<meta name=\"robots\" content=\"index, follow, max-snippet:-1, max-image-preview:large, max-video-preview:-1\" \/>\n<link rel=\"canonical\" href=\"https:\/\/emergem.ca\/produit\/certificat-cadeau-2-0\/\" \/>\n<meta property=\"og:locale\" content=\"en_US\" \/>\n<meta property=\"og:type\" content=\"article\" \/>\n<meta property=\"og:title\" content=\"Certificat-cadeau | emerGem&trade;\" \/>\n<meta property=\"og:description\" content=\"Offrez un cadeau inoubliable avec notre certificat-cadeau! Une attention parfaite pour c\u00e9l\u00e9brer la beaut\u00e9 et l\u2019\u00e9l\u00e9gance, tout en laissant le choix \u00e0 la personne qui le re\u00e7oit.  * Valide sur tous les produits disponibles dans la boutique en ligne de emergem.ca.\" \/>\n<meta property=\"og:url\" content=\"https:\/\/emergem.ca\/produit\/certificat-cadeau-2-0\/\" \/>\n<meta property=\"og:site_name\" content=\"emerGem&trade;\" \/>\n<meta property=\"article:publisher\" content=\"https:\/\/www.facebook.com\/emergem.gaspesie\" \/>\n<meta property=\"article:modified_time\" content=\"2024-12-09T16:49:46+00:00\" \/>\n<meta property=\"og:image\" content=\"https:\/\/emergem.ca\/wp-content\/uploads\/2024\/11\/apercu-certificat-cadeau-recto-1.jpg\" \/>\n\t<meta property=\"og:image:width\" content=\"2400\" \/>\n\t<meta property=\"og:image:height\" content=\"2400\" \/>\n\t<meta property=\"og:image:type\" content=\"image\/jpeg\" \/>\n<meta name=\"twitter:card\" content=\"summary_large_image\" \/>\n<script type=\"application\/ld+json\" class=\"yoast-schema-graph\">{\"@context\":\"https:\\\/\\\/schema.org\",\"@graph\":[{\"@type\":\"WebPage\",\"@id\":\"https:\\\/\\\/emergem.ca\\\/produit\\\/certificat-cadeau-2-0\\\/\",\"url\":\"https:\\\/\\\/emergem.ca\\\/produit\\\/certificat-cadeau-2-0\\\/\",\"name\":\"Certificat-cadeau | emerGem&trade;\",\"isPartOf\":{\"@id\":\"https:\\\/\\\/emergem.ca\\\/#website\"},\"primaryImageOfPage\":{\"@id\":\"https:\\\/\\\/emergem.ca\\\/produit\\\/certificat-cadeau-2-0\\\/#primaryimage\"},\"image\":{\"@id\":\"https:\\\/\\\/emergem.ca\\\/produit\\\/certificat-cadeau-2-0\\\/#primaryimage\"},\"thumbnailUrl\":\"https:\\\/\\\/emergem.ca\\\/wp-content\\\/uploads\\\/2024\\\/11\\\/apercu-certificat-cadeau-recto-1.jpg\",\"datePublished\":\"2024-11-29T05:45:34+00:00\",\"dateModified\":\"2024-12-09T16:49:46+00:00\",\"breadcrumb\":{\"@id\":\"https:\\\/\\\/emergem.ca\\\/produit\\\/certificat-cadeau-2-0\\\/#breadcrumb\"},\"inLanguage\":\"en-US\",\"potentialAction\":[{\"@type\":\"ReadAction\",\"target\":[\"https:\\\/\\\/emergem.ca\\\/produit\\\/certificat-cadeau-2-0\\\/\"]}]},{\"@type\":\"ImageObject\",\"inLanguage\":\"en-US\",\"@id\":\"https:\\\/\\\/emergem.ca\\\/produit\\\/certificat-cadeau-2-0\\\/#primaryimage\",\"url\":\"https:\\\/\\\/emergem.ca\\\/wp-content\\\/uploads\\\/2024\\\/11\\\/apercu-certificat-cadeau-recto-1.jpg\",\"contentUrl\":\"https:\\\/\\\/emergem.ca\\\/wp-content\\\/uploads\\\/2024\\\/11\\\/apercu-certificat-cadeau-recto-1.jpg\",\"width\":2400,\"height\":2400},{\"@type\":\"BreadcrumbList\",\"@id\":\"https:\\\/\\\/emergem.ca\\\/produit\\\/certificat-cadeau-2-0\\\/#breadcrumb\",\"itemListElement\":[{\"@type\":\"ListItem\",\"position\":1,\"name\":\"Accueil\",\"item\":\"https:\\\/\\\/emergem.ca\\\/\"},{\"@type\":\"ListItem\",\"position\":2,\"name\":\"Shop\",\"item\":\"https:\\\/\\\/emergem.ca\\\/boutique\\\/\"},{\"@type\":\"ListItem\",\"position\":3,\"name\":\"Certificat-cadeau\"}]},{\"@type\":\"WebSite\",\"@id\":\"https:\\\/\\\/emergem.ca\\\/#website\",\"url\":\"https:\\\/\\\/emergem.ca\\\/\",\"name\":\"emerGem\u2122\",\"description\":\"Joyaux de l&rsquo;Atlantique\",\"publisher\":{\"@id\":\"https:\\\/\\\/emergem.ca\\\/#organization\"},\"potentialAction\":[{\"@type\":\"SearchAction\",\"target\":{\"@type\":\"EntryPoint\",\"urlTemplate\":\"https:\\\/\\\/emergem.ca\\\/?s={search_term_string}\"},\"query-input\":{\"@type\":\"PropertyValueSpecification\",\"valueRequired\":true,\"valueName\":\"search_term_string\"}}],\"inLanguage\":\"en-US\"},{\"@type\":\"Organization\",\"@id\":\"https:\\\/\\\/emergem.ca\\\/#organization\",\"name\":\"emerGem\",\"url\":\"https:\\\/\\\/emergem.ca\\\/\",\"logo\":{\"@type\":\"ImageObject\",\"inLanguage\":\"en-US\",\"@id\":\"https:\\\/\\\/emergem.ca\\\/#\\\/schema\\\/logo\\\/image\\\/\",\"url\":\"http:\\\/\\\/emergem.ca\\\/wp-content\\\/uploads\\\/2024\\\/11\\\/logo-emergem-original-inverse.png\",\"contentUrl\":\"http:\\\/\\\/emergem.ca\\\/wp-content\\\/uploads\\\/2024\\\/11\\\/logo-emergem-original-inverse.png\",\"width\":1131,\"height\":400,\"caption\":\"emerGem\"},\"image\":{\"@id\":\"https:\\\/\\\/emergem.ca\\\/#\\\/schema\\\/logo\\\/image\\\/\"},\"sameAs\":[\"https:\\\/\\\/www.facebook.com\\\/emergem.gaspesie\",\"https:\\\/\\\/www.instagram.com\\\/emergem.gaspesie\",\"https:\\\/\\\/www.linkedin.com\\\/company\\\/caco3-biotech\\\/\"]}]}<\/script>\n<!-- \/ Yoast SEO plugin. -->","yoast_head_json":{"title":"Certificat-cadeau | emerGem&trade;","robots":{"index":"index","follow":"follow","max-snippet":"max-snippet:-1","max-image-preview":"max-image-preview:large","max-video-preview":"max-video-preview:-1"},"canonical":"https:\/\/emergem.ca\/produit\/certificat-cadeau-2-0\/","og_locale":"en_US","og_type":"article","og_title":"Certificat-cadeau | emerGem&trade;","og_description":"Offrez un cadeau inoubliable avec notre certificat-cadeau! Une attention parfaite pour c\u00e9l\u00e9brer la beaut\u00e9 et l\u2019\u00e9l\u00e9gance, tout en laissant le choix \u00e0 la personne qui le re\u00e7oit.  * Valide sur tous les produits disponibles dans la boutique en ligne de emergem.ca.","og_url":"https:\/\/emergem.ca\/produit\/certificat-cadeau-2-0\/","og_site_name":"emerGem&trade;","article_publisher":"https:\/\/www.facebook.com\/emergem.gaspesie","article_modified_time":"2024-12-09T16:49:46+00:00","og_image":[{"width":2400,"height":2400,"url":"https:\/\/emergem.ca\/wp-content\/uploads\/2024\/11\/apercu-certificat-cadeau-recto-1.jpg","type":"image\/jpeg"}],"twitter_card":"summary_large_image","schema":{"@context":"https:\/\/schema.org","@graph":[{"@type":"WebPage","@id":"https:\/\/emergem.ca\/produit\/certificat-cadeau-2-0\/","url":"https:\/\/emergem.ca\/produit\/certificat-cadeau-2-0\/","name":"Certificat-cadeau | emerGem&trade;","isPartOf":{"@id":"https:\/\/emergem.ca\/#website"},"primaryImageOfPage":{"@id":"https:\/\/emergem.ca\/produit\/certificat-cadeau-2-0\/#primaryimage"},"image":{"@id":"https:\/\/emergem.ca\/produit\/certificat-cadeau-2-0\/#primaryimage"},"thumbnailUrl":"https:\/\/emergem.ca\/wp-content\/uploads\/2024\/11\/apercu-certificat-cadeau-recto-1.jpg","datePublished":"2024-11-29T05:45:34+00:00","dateModified":"2024-12-09T16:49:46+00:00","breadcrumb":{"@id":"https:\/\/emergem.ca\/produit\/certificat-cadeau-2-0\/#breadcrumb"},"inLanguage":"en-US","potentialAction":[{"@type":"ReadAction","target":["https:\/\/emergem.ca\/produit\/certificat-cadeau-2-0\/"]}]},{"@type":"ImageObject","inLanguage":"en-US","@id":"https:\/\/emergem.ca\/produit\/certificat-cadeau-2-0\/#primaryimage","url":"https:\/\/emergem.ca\/wp-content\/uploads\/2024\/11\/apercu-certificat-cadeau-recto-1.jpg","contentUrl":"https:\/\/emergem.ca\/wp-content\/uploads\/2024\/11\/apercu-certificat-cadeau-recto-1.jpg","width":2400,"height":2400},{"@type":"BreadcrumbList","@id":"https:\/\/emergem.ca\/produit\/certificat-cadeau-2-0\/#breadcrumb","itemListElement":[{"@type":"ListItem","position":1,"name":"Accueil","item":"https:\/\/emergem.ca\/"},{"@type":"ListItem","position":2,"name":"Shop","item":"https:\/\/emergem.ca\/boutique\/"},{"@type":"ListItem","position":3,"name":"Certificat-cadeau"}]},{"@type":"WebSite","@id":"https:\/\/emergem.ca\/#website","url":"https:\/\/emergem.ca\/","name":"emerGem\u2122","description":"Joyaux de l&rsquo;Atlantique","publisher":{"@id":"https:\/\/emergem.ca\/#organization"},"potentialAction":[{"@type":"SearchAction","target":{"@type":"EntryPoint","urlTemplate":"https:\/\/emergem.ca\/?s={search_term_string}"},"query-input":{"@type":"PropertyValueSpecification","valueRequired":true,"valueName":"search_term_string"}}],"inLanguage":"en-US"},{"@type":"Organization","@id":"https:\/\/emergem.ca\/#organization","name":"emerGem","url":"https:\/\/emergem.ca\/","logo":{"@type":"ImageObject","inLanguage":"en-US","@id":"https:\/\/emergem.ca\/#\/schema\/logo\/image\/","url":"http:\/\/emergem.ca\/wp-content\/uploads\/2024\/11\/logo-emergem-original-inverse.png","contentUrl":"http:\/\/emergem.ca\/wp-content\/uploads\/2024\/11\/logo-emergem-original-inverse.png","width":1131,"height":400,"caption":"emerGem"},"image":{"@id":"https:\/\/emergem.ca\/#\/schema\/logo\/image\/"},"sameAs":["https:\/\/www.facebook.com\/emergem.gaspesie","https:\/\/www.instagram.com\/emergem.gaspesie","https:\/\/www.linkedin.com\/company\/caco3-biotech\/"]}]}},"_links":{"self":[{"href":"https:\/\/emergem.ca\/en\/wp-json\/wp\/v2\/product\/2303","targetHints":{"allow":["GET"]}}],"collection":[{"href":"https:\/\/emergem.ca\/en\/wp-json\/wp\/v2\/product"}],"about":[{"href":"https:\/\/emergem.ca\/en\/wp-json\/wp\/v2\/types\/product"}],"wp:featuredmedia":[{"embeddable":true,"href":"https:\/\/emergem.ca\/en\/wp-json\/wp\/v2\/media\/2282"}],"wp:attachment":[{"href":"https:\/\/emergem.ca\/en\/wp-json\/wp\/v2\/media?parent=2303"}],"wp:term":[{"taxonomy":"product_brand","embeddable":true,"href":"https:\/\/emergem.ca\/en\/wp-json\/wp\/v2\/product_brand?post=2303"},{"taxonomy":"product_cat","embeddable":true,"href":"https:\/\/emergem.ca\/en\/wp-json\/wp\/v2\/product_cat?post=2303"},{"taxonomy":"product_tag","embeddable":true,"href":"https:\/\/emergem.ca\/en\/wp-json\/wp\/v2\/product_tag?post=2303"}],"curies":[{"name":"wp","href":"https:\/\/api.w.org\/{rel}","templated":true}]}}